{"id":1216,"date":"2024-07-15T11:32:18","date_gmt":"2024-07-15T03:32:18","guid":{"rendered":"https:\/\/www.tflequip.com\/?page_id=1216"},"modified":"2024-07-15T11:32:18","modified_gmt":"2024-07-15T03:32:18","slug":"privacy-policy","status":"publish","type":"page","link":"https:\/\/www.tflequip.com\/sl\/privacy-policy\/","title":{"rendered":"politika zasebnosti"},"content":{"rendered":"<p>Kdo smo<\/p>\r\n<p>Priporo\u010deno besedilo: Na\u0161 spletni naslov je: https:\/\/www.tflequip.com.<\/p>\r\n<p>Komentarji<\/p>\r\n<p>Priporo\u010deno besedilo: Ko obiskovalci pustijo komentarje, zbiramo podatke, prikazane v obrazcu za komentarje, ter obiskoval\u010dev naslov IP in niz uporabni\u0161kega agenta brskalnika, da bi pomagali pri odkrivanju ne\u017eelene po\u0161te.<\/p>\r\n<p>Storitvi Gravatar se lahko zagotovi anonimiziran niz, ustvarjen iz va\u0161ega e-po\u0161tnega naslova (imenovan tudi hash), da se ugotovi, ali ga uporabljate. Pravilnik o zasebnosti storitve Gravatar je na voljo tukaj: https:\/\/automattic.com\/privacy\/. Po odobritvi va\u0161ega komentarja bo va\u0161a profilna slika vidna javnosti poleg va\u0161ega komentarja.<\/p>\r\n<p>Mediji<\/p>\r\n<p>Priporo\u010deno besedilo: \u010ce na spletno mesto nalagate slike, se izogibajte nalaganju slik z vgrajenimi podatki o lokaciji (EXIF GPS). Obiskovalci spletnega mesta lahko s slik na spletnem mestu prenesejo in pridobijo podatke o lokaciji.<\/p>\r\n<p>Pi\u0161kotki<\/p>\r\n<p>Priporo\u010deno besedilo: \u010ce pustite komentar na na\u0161i spletni strani, se lahko strinjate s shranjevanjem va\u0161ega imena, e-po\u0161tnega naslova in spletne strani v pi\u0161kotkih. To je namenjeno va\u0161emu udobju, tako da vam ob ponovnem komentarju ni treba ponovno vna\u0161ati svojih podatkov. Ti pi\u0161kotki bodo trajali eno leto.<\/p>\r\n<p>\u010ce obi\u0161\u010dete na\u0161o prijavno stran, bomo nastavili za\u010dasni pi\u0161kotek, da ugotovimo, ali va\u0161 brskalnik sprejema pi\u0161kotke. Ta pi\u0161kotek ne vsebuje osebnih podatkov in se zavr\u017ee, ko zaprete brskalnik.<\/p>\r\n<p>Ko se prijavite, nastavimo tudi ve\u010d pi\u0161kotkov, da si zapomnimo va\u0161e podatke za prijavo in izbiro prikaza na zaslonu. Pi\u0161kotki za prijavo trajajo dva dni, pi\u0161kotki za izbiro zaslona pa eno leto. \u010ce izberete mo\u017enost \"Zapomni si me\", bo va\u0161a prijava ostala dva tedna. \u010ce se odjavite iz ra\u010duna, bodo pi\u0161kotki za prijavo odstranjeni.<\/p>\r\n<p>\u010ce uredite ali objavite \u010dlanek, bomo v va\u0161 brskalnik shranili dodaten pi\u0161kotek. Ta pi\u0161kotek ne vsebuje osebnih podatkov in si zapomni le ID \u010dlanka, ki ste ga pravkar uredili. Ta pi\u0161kotek traja en dan.<\/p>\r\n<p>Vstavljena vsebina iz drugih spletnih mest<\/p>\r\n<p>Priporo\u010deno besedilo: \u010clanki na tem spletnem mestu lahko vsebujejo vdelano vsebino (npr. videoposnetke, slike, \u010dlanke itd.). Vdelana vsebina z drugih spletnih mest se obna\u0161a enako, kot \u010de bi drugo spletno mesto obiskali neposredno.<\/p>\r\n<p>Ta spletna mesta lahko zbirajo podatke o vas, uporabljajo pi\u0161kotke, vgrajujejo dodatna sledenja tretjih oseb in spremljajo va\u0161e interakcije s tako vgrajeno vsebino, vklju\u010dno s sledenjem va\u0161im interakcijam z vgrajeno vsebino, \u010de imate ra\u010dun na teh spletnih mestih in ste prijavljeni na ta spletna mesta.<\/p>\r\n<p>S kom delimo va\u0161e podatke<\/p>\r\n<p>Priporo\u010deno besedilo: \u010ce zahtevate ponastavitev gesla, bo va\u0161 IP naslov vklju\u010den v e-po\u0161tno sporo\u010dilo o ponastavitvi gesla.<\/p>\r\n<p>Kako dolgo hranimo va\u0161e podatke<\/p>\r\n<p>Priporo\u010deno besedilo: \u010ce pustite komentar, se komentar in njegovi metapodatki hranijo za nedolo\u010den \u010das. To storimo zato, da lahko prepoznamo in samodejno odobrimo vse nadaljnje komentarje, namesto da bi jih zadr\u017eali v \u010dakalni vrsti za moderiranje.<\/p>\r\n<p>Pri registriranih uporabnikih tega spletnega mesta shranjujemo tudi osebne podatke, ki jih uporabniki navedejo v svojem profilu. Vsi uporabniki lahko kadar koli vidijo, uredijo ali izbri\u0161ejo svoje osebne podatke (le svojega uporabni\u0161kega imena ne morejo spremeniti); te podatke lahko vidijo in urejajo tudi skrbniki spletnega mesta.<\/p>\r\n<p>Kak\u0161ne pravice imate do svojih podatkov<\/p>\r\n<p>Priporo\u010deno besedilo: \u010ce imate ra\u010dun na tem spletnem mestu ali ste pustili komentar, lahko zahtevate, da prejmete izvo\u017eeno datoteko osebnih podatkov, ki jih hranimo o vas, vklju\u010dno z vsemi podatki, ki ste nam jih posredovali. Zahtevate lahko tudi izbris vseh osebnih podatkov, ki jih hranimo o vas. To ne vklju\u010duje podatkov, ki jih moramo hraniti iz upravnih, pravnih ali varnostnih razlogov.<\/p>\r\n<p>Kam so poslani va\u0161i podatki<\/p>\r\n<p>Priporo\u010deno besedilo: Komentarji obiskovalcev se lahko preverijo s pomo\u010djo samodejne storitve za odkrivanje ne\u017eelene po\u0161te.<\/p>","protected":false},"excerpt":{"rendered":"<p>Who we are Recommended text: Our website address is: https:\/\/www.tflequip.com. Comments Recommended text: When visitors leave comments we collect the data shown in the comments form, and the visitor&#8217;s IP address and browser user agent string to help spam detection. An anonymized string created from your email address (also called a hash) may be provided [&hellip;]<\/p>","protected":false},"author":1,"featured_media":0,"parent":0,"menu_order":0,"comment_status":"closed","ping_status":"closed","template":"","meta":[],"acf":[],"_links":{"self":[{"href":"https:\/\/www.tflequip.com\/sl\/wp-json\/wp\/v2\/pages\/1216"}],"collection":[{"href":"https:\/\/www.tflequip.com\/sl\/wp-json\/wp\/v2\/pages"}],"about":[{"href":"https:\/\/www.tflequip.com\/sl\/wp-json\/wp\/v2\/types\/page"}],"author":[{"embeddable":true,"href":"https:\/\/www.tflequip.com\/sl\/wp-json\/wp\/v2\/users\/1"}],"replies":[{"embeddable":true,"href":"https:\/\/www.tflequip.com\/sl\/wp-json\/wp\/v2\/comments?post=1216"}],"version-history":[{"count":0,"href":"https:\/\/www.tflequip.com\/sl\/wp-json\/wp\/v2\/pages\/1216\/revisions"}],"wp:attachment":[{"href":"https:\/\/www.tflequip.com\/sl\/wp-json\/wp\/v2\/media?parent=1216"}],"curies":[{"name":"wp","href":"https:\/\/api.w.org\/{rel}","templated":true}]}}