{"id":1216,"date":"2024-07-15T11:32:18","date_gmt":"2024-07-15T03:32:18","guid":{"rendered":"https:\/\/www.tflequip.com\/?page_id=1216"},"modified":"2024-07-15T11:32:18","modified_gmt":"2024-07-15T03:32:18","slug":"privacy-policy","status":"publish","type":"page","link":"https:\/\/www.tflequip.com\/ro\/privacy-policy\/","title":{"rendered":"politica de confiden\u021bialitate"},"content":{"rendered":"<p>Cine suntem<\/p>\r\n<p>Text recomandat: Adresa site-ului nostru este: https:\/\/www.tflequip.com.<\/p>\r\n<p>Observa\u021bii<\/p>\r\n<p>Text recomandat: Atunci c\u00e2nd vizitatorii las\u0103 comentarii, colect\u0103m datele afi\u0219ate \u00een formularul de comentarii, precum \u0219i adresa IP a vizitatorului \u0219i \u0219irul agentului de utilizator al browserului pentru a ajuta la detectarea spam-ului.<\/p>\r\n<p>Un \u0219ir anonim creat din adresa dvs. de e-mail (numit \u0219i hash) poate fi furnizat serviciului Gravatar pentru a vedea dac\u0103 \u00eel utiliza\u021bi. Politica de confiden\u021bialitate a serviciului Gravatar este disponibil\u0103 aici: https:\/\/automattic.com\/privacy\/. Dup\u0103 aprobarea comentariului dvs., imaginea dvs. de profil va fi vizibil\u0103 publicului al\u0103turi de comentariul dvs.<\/p>\r\n<p>Media<\/p>\r\n<p>Text recomandat: Dac\u0103 \u00eenc\u0103rca\u021bi imagini pe site, trebuie s\u0103 evita\u021bi \u00eenc\u0103rcarea imaginilor cu date de localizare \u00eencorporate (EXIF GPS). Vizitatorii site-ului pot desc\u0103rca \u0219i extrage date de localizare din imaginile de pe site.<\/p>\r\n<p>Cookie-uri<\/p>\r\n<p>Text recomandat: Dac\u0103 l\u0103sa\u021bi un comentariu pe site-ul nostru, pute\u021bi opta pentru salvarea numelui, adresei de e-mail \u0219i site-ului dvs. \u00een cookie-uri. Acest lucru este pentru confortul dvs., astfel \u00eenc\u00e2t s\u0103 nu trebuiasc\u0103 s\u0103 v\u0103 completa\u021bi datele din nou atunci c\u00e2nd l\u0103sa\u021bi un alt comentariu. Aceste module cookie vor dura un an.<\/p>\r\n<p>Dac\u0103 vizita\u021bi pagina noastr\u0103 de conectare, vom seta un cookie temporar pentru a determina dac\u0103 browserul dvs. accept\u0103 cookie-uri. Acest cookie nu con\u021bine date personale \u0219i este eliminat atunci c\u00e2nd \u00eenchide\u021bi browserul.<\/p>\r\n<p>Atunci c\u00e2nd v\u0103 conecta\u021bi, vom seta, de asemenea, mai multe module cookie pentru a v\u0103 re\u021bine datele de conectare \u0219i op\u021biunile de afi\u0219are pe ecran. Cookie-urile de conectare dureaz\u0103 dou\u0103 zile, iar cookie-urile pentru op\u021biunile de afi\u0219are pe ecran dureaz\u0103 un an. Dac\u0103 selecta\u021bi \"Aminte\u0219te-\u021bi de mine\", datele dvs. de conectare vor r\u0103m\u00e2ne timp de dou\u0103 s\u0103pt\u0103m\u00e2ni. Dac\u0103 v\u0103 deconecta\u021bi de la contul dvs., cookie-urile de conectare vor fi eliminate.<\/p>\r\n<p>Dac\u0103 edita\u021bi sau publica\u021bi un articol, vom salva un cookie suplimentar \u00een browserul dumneavoastr\u0103. Acest cookie nu con\u021bine date personale \u0219i re\u021bine doar ID-ul articolului pe care tocmai l-a\u021bi editat. Acest cookie dureaz\u0103 o zi.<\/p>\r\n<p>Con\u021binut \u00eencorporat de pe alte site-uri web<\/p>\r\n<p>Text recomandat: Articolele de pe acest site pot include con\u021binut \u00eencorporat (de exemplu, videoclipuri, imagini, articole etc.). Con\u021binutul \u00eencorporat de pe alte site-uri se comport\u0103 \u00een acela\u0219i mod ca \u0219i cum a\u021bi fi vizitat direct site-ul respectiv.<\/p>\r\n<p>Aceste site-uri pot colecta date despre dvs., pot utiliza module cookie, pot \u00eencorpora date suplimentare de urm\u0103rire de la ter\u021bi \u0219i pot monitoriza interac\u021biunile dvs. cu astfel de con\u021binut \u00eencorporat, inclusiv urm\u0103rirea interac\u021biunilor dvs. cu con\u021binutul \u00eencorporat dac\u0103 ave\u021bi un cont pe aceste site-uri \u0219i sunte\u021bi conectat la aceste site-uri.<\/p>\r\n<p>Cu cine \u00eemp\u0103rt\u0103\u0219im informa\u021biile dumneavoastr\u0103<\/p>\r\n<p>Text recomandat: Dac\u0103 solicita\u021bi o resetare a parolei, adresa dvs. de IP va fi inclus\u0103 \u00een e-mailul de resetare a parolei.<\/p>\r\n<p>C\u00e2t timp p\u0103str\u0103m informa\u021biile dumneavoastr\u0103<\/p>\r\n<p>Text recomandat: Dac\u0103 l\u0103sa\u021bi un comentariu, comentariul \u0219i metadatele acestuia sunt p\u0103strate pe o perioad\u0103 nedeterminat\u0103. Facem acest lucru pentru a putea recunoa\u0219te \u0219i aproba automat orice comentarii ulterioare, \u00een loc s\u0103 le re\u021binem \u00eentr-o coad\u0103 de moderare.<\/p>\r\n<p>Pentru utilizatorii \u00eenregistra\u021bi ai acestui site, stoc\u0103m, de asemenea, informa\u021biile personale pe care utilizatorii le furnizeaz\u0103 \u00een profilul lor. To\u021bi utilizatorii \u00ee\u0219i pot vedea, edita sau \u0219terge informa\u021biile personale \u00een orice moment (cu excep\u021bia faptului c\u0103 nu \u00ee\u0219i pot schimba numele de utilizator); administratorii site-ului pot, de asemenea, vedea \u0219i edita aceste informa\u021bii.<\/p>\r\n<p>Ce drepturi ave\u021bi cu privire la informa\u021biile dumneavoastr\u0103<\/p>\r\n<p>Text recomandat: Dac\u0103 ave\u021bi un cont pe acest site sau a\u021bi l\u0103sat comentarii, pute\u021bi solicita s\u0103 primi\u021bi un fi\u0219ier exportat al datelor cu caracter personal pe care le de\u021binem despre dvs., inclusiv orice date pe care ni le-a\u021bi furnizat. De asemenea, pute\u021bi solicita s\u0103 \u0219tergem orice date cu caracter personal pe care le de\u021binem despre dumneavoastr\u0103. Aceasta nu include orice date pe care suntem obliga\u021bi s\u0103 le p\u0103str\u0103m din motive administrative, juridice sau de securitate.<\/p>\r\n<p>Unde sunt trimise datele dumneavoastr\u0103<\/p>\r\n<p>Text recomandat: Comentariile vizitatorilor pot fi verificate prin intermediul unui serviciu automat de detectare a spam-ului.<\/p>","protected":false},"excerpt":{"rendered":"<p>Who we are Recommended text: Our website address is: https:\/\/www.tflequip.com. Comments Recommended text: When visitors leave comments we collect the data shown in the comments form, and the visitor&#8217;s IP address and browser user agent string to help spam detection. An anonymized string created from your email address (also called a hash) may be provided [&hellip;]<\/p>","protected":false},"author":1,"featured_media":0,"parent":0,"menu_order":0,"comment_status":"closed","ping_status":"closed","template":"","meta":[],"acf":[],"_links":{"self":[{"href":"https:\/\/www.tflequip.com\/ro\/wp-json\/wp\/v2\/pages\/1216"}],"collection":[{"href":"https:\/\/www.tflequip.com\/ro\/wp-json\/wp\/v2\/pages"}],"about":[{"href":"https:\/\/www.tflequip.com\/ro\/wp-json\/wp\/v2\/types\/page"}],"author":[{"embeddable":true,"href":"https:\/\/www.tflequip.com\/ro\/wp-json\/wp\/v2\/users\/1"}],"replies":[{"embeddable":true,"href":"https:\/\/www.tflequip.com\/ro\/wp-json\/wp\/v2\/comments?post=1216"}],"version-history":[{"count":0,"href":"https:\/\/www.tflequip.com\/ro\/wp-json\/wp\/v2\/pages\/1216\/revisions"}],"wp:attachment":[{"href":"https:\/\/www.tflequip.com\/ro\/wp-json\/wp\/v2\/media?parent=1216"}],"curies":[{"name":"wp","href":"https:\/\/api.w.org\/{rel}","templated":true}]}}