{"id":1216,"date":"2024-07-15T11:32:18","date_gmt":"2024-07-15T03:32:18","guid":{"rendered":"https:\/\/www.tflequip.com\/?page_id=1216"},"modified":"2024-07-15T11:32:18","modified_gmt":"2024-07-15T03:32:18","slug":"privacy-policy","status":"publish","type":"page","link":"https:\/\/www.tflequip.com\/lv\/privacy-policy\/","title":{"rendered":"priv\u0101tuma politika"},"content":{"rendered":"<p>Kas m\u0113s esam<\/p>\r\n<p>Ieteicamais teksts: M\u016bsu t\u012bmek\u013ca vietnes adrese ir: https:\/\/www.tflequip.com.<\/p>\r\n<p>Koment\u0101ri<\/p>\r\n<p>Ieteicamais teksts: Kad apmekl\u0113t\u0101ji atst\u0101j koment\u0101rus, m\u0113s apkopojam koment\u0101ru veidlap\u0101 nor\u0101d\u012btos datus, k\u0101 ar\u012b apmekl\u0113t\u0101ja IP adresi un p\u0101rl\u016bkprogrammas lietot\u0101ja a\u0123enta virkni, lai pal\u012bdz\u0113tu atkl\u0101t surog\u0101tpasta v\u0113stules.<\/p>\r\n<p>No j\u016bsu e-pasta adreses izveidot\u0101 anonimiz\u0113t\u0101 virkne (saukta ar\u012b par hash) var tikt sniegta pakalpojumam Gravatar, lai redz\u0113tu, vai to izmantojat. Gravatar pakalpojuma konfidencialit\u0101tes politika ir pieejama \u0161eit: https:\/\/automattic.com\/privacy\/. P\u0113c j\u016bsu koment\u0101ra apstiprin\u0101\u0161anas j\u016bsu profila att\u0113ls b\u016bs publiski redzams blakus j\u016bsu koment\u0101ram.<\/p>\r\n<p>Mediji<\/p>\r\n<p>Ieteicamais teksts: Ja vietn\u0113 aug\u0161upiel\u0101d\u0113jat att\u0113lus, jums nevajadz\u0113tu aug\u0161upiel\u0101d\u0113t att\u0113lus, kuros ir iestr\u0101d\u0101ti atra\u0161an\u0101s vietas dati (EXIF GPS). Vietnes apmekl\u0113t\u0101ji var lejupiel\u0101d\u0113t un ieg\u016bt atra\u0161an\u0101s vietas datus no vietnes att\u0113liem.<\/p>\r\n<p>S\u012bkfaili<\/p>\r\n<p>Ieteicamais teksts: Ja j\u016bs atst\u0101jat koment\u0101ru m\u016bsu vietn\u0113, j\u016bs varat piekrist saglab\u0101t savu v\u0101rdu, e-pasta adresi un t\u012bmek\u013ca vietni s\u012bkfailos. Tas tiek dar\u012bts j\u016bsu \u0113rt\u012bbai, lai, atst\u0101jot citu koment\u0101ru, jums nevajadz\u0113tu atk\u0101rtoti ievad\u012bt savu inform\u0101ciju. \u0160\u012bs s\u012bkdatnes kalpos vienu gadu.<\/p>\r\n<p>Ja apmekl\u0113jat m\u016bsu pieteik\u0161an\u0101s lapu, m\u0113s iestat\u012bsim pagaidu s\u012bkfailu, lai noteiktu, vai j\u016bsu p\u0101rl\u016bkprogramma pie\u0146em s\u012bkfailus. \u0160is s\u012bkfails nesatur nek\u0101dus personas datus un tiek izn\u012bcin\u0101ts, kad aizverat p\u0101rl\u016bkprogrammu.<\/p>\r\n<p>Kad piesak\u0101ties, m\u0113s iestat\u0101m ar\u012b vair\u0101kus s\u012bkfailus, lai atcer\u0113tos j\u016bsu pieteik\u0161an\u0101s inform\u0101ciju un ekr\u0101na displeja izv\u0113li. Pieteik\u0161an\u0101s s\u012bkfailu ilgums ir divas dienas, bet ekr\u0101na displeja opciju s\u012bkfailu ilgums ir viens gads. Ja izv\u0113laties \"Atcer\u0113ties mani\", j\u016bsu pieteik\u0161an\u0101s saglab\u0101sies divas ned\u0113\u013cas. Ja izrakst\u012bsieties no sava konta, pieteik\u0161an\u0101s s\u012bkfaili tiks dz\u0113sti.<\/p>\r\n<p>Ja redi\u0123\u0113jat vai public\u0113jat rakstu, m\u0113s j\u016bsu p\u0101rl\u016bkprogramm\u0101 saglab\u0101sim papildu s\u012bkfailu. \u0160aj\u0101 s\u012bkfail\u0101 nav personas datu, un tas saglab\u0101 tikai nupat redi\u0123\u0113t\u0101 raksta ID. \u0160is s\u012bkfails darbojas vienu dienu.<\/p>\r\n<p>Citu viet\u0146u iegultais saturs<\/p>\r\n<p>Ieteicamais teksts: \u0160aj\u0101 vietn\u0113 public\u0113tajos rakstos var b\u016bt iestr\u0101d\u0101ts saturs (piem\u0113ram, videoklipi, att\u0113li, raksti u. c.). Citu viet\u0146u iegultais saturs darbojas t\u0101pat, k\u0101 tad, ja j\u016bs b\u016btu tie\u0161i apmekl\u0113jis citu vietni.<\/p>\r\n<p>\u0160\u012bs vietnes var v\u0101kt datus par jums, izmantot s\u012bkfailus, ievietot papildu tre\u0161\u0101s puses izseko\u0161anas l\u012bdzek\u013cus un uzraudz\u012bt j\u016bsu mijiedarb\u012bbu ar \u0161\u0101du iestr\u0101d\u0101to saturu, tostarp izsekot j\u016bsu mijiedarb\u012bbu ar iestr\u0101d\u0101to saturu, ja jums ir konts \u0161aj\u0101s vietn\u0113s un esat taj\u0101s pieteicies.<\/p>\r\n<p>Kam m\u0113s kop\u012bgojam j\u016bsu inform\u0101ciju<\/p>\r\n<p>Ieteicamais teksts: Ja piepras\u0101t paroles atiestat\u012b\u0161anu, paroles atiestat\u012b\u0161anas e-past\u0101 tiks nor\u0101d\u012bta j\u016bsu IP adrese.<\/p>\r\n<p>Cik ilgi m\u0113s saglab\u0101jam j\u016bsu inform\u0101ciju<\/p>\r\n<p>Ieteicamais teksts: Ja atst\u0101jat koment\u0101ru, koment\u0101rs un t\u0101 metadati tiek saglab\u0101ti uz nenoteiktu laiku. Tas tiek dar\u012bts, lai m\u0113s var\u0113tu atpaz\u012bt un autom\u0101tiski apstiprin\u0101t visus turpm\u0101kos koment\u0101rus, nevis aizst\u0101t tos moder\u0113\u0161anas rind\u0101.<\/p>\r\n<p>\u0160\u012bs vietnes re\u0123istr\u0113tajiem lietot\u0101jiem m\u0113s saglab\u0101jam ar\u012b personisko inform\u0101ciju, ko lietot\u0101ji sniedz sav\u0101 profil\u0101. Visi lietot\u0101ji jebkur\u0101 laik\u0101 var skat\u012bt, redi\u0123\u0113t vai dz\u0113st savu personisko inform\u0101ciju (iz\u0146emot to, ka vi\u0146i nevar main\u012bt savu lietot\u0101jv\u0101rdu); \u0161o inform\u0101ciju var skat\u012bt un redi\u0123\u0113t ar\u012b vietnes administratori.<\/p>\r\n<p>K\u0101das ties\u012bbas jums ir attiec\u012bb\u0101 uz j\u016bsu inform\u0101ciju<\/p>\r\n<p>Ieteicamais teksts: Ja jums ir konts \u0161aj\u0101 vietn\u0113 vai esat atst\u0101jis koment\u0101rus, varat piepras\u012bt sa\u0146emt eksport\u0113tu failu ar m\u016bsu r\u012bc\u012bb\u0101 eso\u0161ajiem j\u016bsu personas datiem, tostarp visiem datiem, kurus esat mums sniedzis. J\u016bs varat ar\u012b piepras\u012bt, lai m\u0113s dz\u0113stu visus m\u016bsu r\u012bc\u012bb\u0101 eso\u0161os j\u016bsu personas datus. Tas neattiecas uz datiem, kurus mums ir pien\u0101kums saglab\u0101t administrat\u012bvu, juridisku vai dro\u0161\u012bbas apsv\u0113rumu d\u0113\u013c.<\/p>\r\n<p>Kur tiek nos\u016bt\u012bti j\u016bsu dati<\/p>\r\n<p>Ieteicamais teksts: Apmekl\u0113t\u0101ju koment\u0101rus var p\u0101rbaud\u012bt, izmantojot automatiz\u0113tu surog\u0101tpasta atkl\u0101\u0161anas pakalpojumu.<\/p>","protected":false},"excerpt":{"rendered":"<p>Who we are Recommended text: Our website address is: https:\/\/www.tflequip.com. Comments Recommended text: When visitors leave comments we collect the data shown in the comments form, and the visitor&#8217;s IP address and browser user agent string to help spam detection. An anonymized string created from your email address (also called a hash) may be provided [&hellip;]<\/p>","protected":false},"author":1,"featured_media":0,"parent":0,"menu_order":0,"comment_status":"closed","ping_status":"closed","template":"","meta":[],"acf":[],"_links":{"self":[{"href":"https:\/\/www.tflequip.com\/lv\/wp-json\/wp\/v2\/pages\/1216"}],"collection":[{"href":"https:\/\/www.tflequip.com\/lv\/wp-json\/wp\/v2\/pages"}],"about":[{"href":"https:\/\/www.tflequip.com\/lv\/wp-json\/wp\/v2\/types\/page"}],"author":[{"embeddable":true,"href":"https:\/\/www.tflequip.com\/lv\/wp-json\/wp\/v2\/users\/1"}],"replies":[{"embeddable":true,"href":"https:\/\/www.tflequip.com\/lv\/wp-json\/wp\/v2\/comments?post=1216"}],"version-history":[{"count":0,"href":"https:\/\/www.tflequip.com\/lv\/wp-json\/wp\/v2\/pages\/1216\/revisions"}],"wp:attachment":[{"href":"https:\/\/www.tflequip.com\/lv\/wp-json\/wp\/v2\/media?parent=1216"}],"curies":[{"name":"wp","href":"https:\/\/api.w.org\/{rel}","templated":true}]}}