{"id":1216,"date":"2024-07-15T11:32:18","date_gmt":"2024-07-15T03:32:18","guid":{"rendered":"https:\/\/www.tflequip.com\/?page_id=1216"},"modified":"2024-07-15T11:32:18","modified_gmt":"2024-07-15T03:32:18","slug":"privacy-policy","status":"publish","type":"page","link":"https:\/\/www.tflequip.com\/et\/privacy-policy\/","title":{"rendered":"privaatsuspoliitika"},"content":{"rendered":"<p>Kes me oleme<\/p>\r\n<p>Soovitatav tekst: Meie veebilehe aadress on: https:\/\/www.tflequip.com.<\/p>\r\n<p>Kommentaarid<\/p>\r\n<p>Soovitatav tekst: Kui k\u00fclastajad j\u00e4tavad kommentaare, kogume kommentaaride vormil n\u00e4idatud andmeid ning k\u00fclastajate IP-aadressi ja brauseri kasutajaliidese stringi, et aidata r\u00e4mpsposti tuvastamist.<\/p>\r\n<p>Gravatari teenusele v\u00f5idakse esitada teie e-posti aadressist loodud anon\u00fc\u00fcmne string (mida nimetatakse ka hashiks), et n\u00e4ha, kas te kasutate seda. Gravatari teenuse privaatsuspoliitika on saadaval siin: https:\/\/automattic.com\/privacy\/. P\u00e4rast teie kommentaari kinnitamist on teie profiilipilt avalikkusele n\u00e4htav teie kommentaari k\u00f5rval.<\/p>\r\n<p>Meedia<\/p>\r\n<p>Soovitatav tekst: Kui te laadite veebilehele pilte \u00fcles, siis peaksite v\u00e4ltima selliste piltide \u00fcleslaadimist, mis sisaldavad asukohaandmeid (EXIF GPS). Veebisaidi k\u00fclastajad saavad veebilehe piltidelt asukohaandmeid alla laadida ja neid v\u00e4lja v\u00f5tta.<\/p>\r\n<p>K\u00fcpsised<\/p>\r\n<p>Soovitatav tekst: Kui j\u00e4tate meie saidile kommentaari, v\u00f5ite anda n\u00f5usoleku oma nime, e-posti aadressi ja veebisaidi salvestamiseks k\u00fcpsistesse. See on teie mugavuse huvides, et te ei peaks oma andmeid uuesti t\u00e4itma, kui j\u00e4tate teise kommentaari. Need k\u00fcpsised kestavad \u00fche aasta.<\/p>\r\n<p>Kui k\u00fclastate meie sisselogimislehte, seame ajutise k\u00fcpsise, et teha kindlaks, kas teie brauser aktsepteerib k\u00fcpsiseid. See k\u00fcpsis ei sisalda isikuandmeid ja see h\u00e4vitatakse, kui sulgete oma brauseri.<\/p>\r\n<p>Kui logite sisse, seame ka mitu k\u00fcpsist, et j\u00e4tta meelde teie sisselogimise andmed ja ekraani kuvamise valikud. Sisselogimisk\u00fcpsised p\u00fcsivad kaks p\u00e4eva ja ekraanivalikute k\u00fcpsised p\u00fcsivad aasta. Kui valite \"M\u00e4leta mind\", j\u00e4\u00e4b teie sisselogimine kaheks n\u00e4dalaks. Kui logite oma kontost v\u00e4lja, eemaldatakse sisselogimisk\u00fcpsised.<\/p>\r\n<p>Kui te artiklit redigeerite v\u00f5i avaldate, salvestame teie brauserisse t\u00e4iendava k\u00fcpsise. See k\u00fcpsis ei sisalda isikuandmeid ja m\u00e4letab ainult teie poolt \u00e4sja redigeeritud artikli ID-d. See k\u00fcpsis p\u00fcsib \u00fche p\u00e4eva.<\/p>\r\n<p>Sisseehitatud sisu teistelt veebisaitidelt<\/p>\r\n<p>Soovitatav tekst: Selle saidi artiklid v\u00f5ivad sisaldada varjatud sisu (nt videod, pildid, artiklid jne). Teiste veebisaitide sisseehitatud sisu k\u00e4itub samamoodi, kui oleksite k\u00fclastanud otse teist veebisaiti.<\/p>\r\n<p>Need saidid v\u00f5ivad koguda teie kohta andmeid, kasutada k\u00fcpsiseid, varjata t\u00e4iendavat kolmanda osapoole j\u00e4lgimist ja j\u00e4lgida teie suhtlemist sellise varjatud sisuga, sealhulgas j\u00e4lgida teie suhtlemist varjatud sisuga, kui teil on nendel saitidel konto ja olete nendele saitidele sisse logitud.<\/p>\r\n<p>Kellega me teie andmeid jagame<\/p>\r\n<p>Soovitatav tekst: Kui taotlete parooli l\u00e4htestamist, lisatakse teie IP-aadress parooli l\u00e4htestamise e-kirjale.<\/p>\r\n<p>Kui kaua me teie andmeid s\u00e4ilitame<\/p>\r\n<p>Soovitatav tekst: Kommentaar ja selle metaandmed s\u00e4ilivad t\u00e4htajatult. Me teeme seda selleks, et me saaksime \u00e4ra tunda ja automaatselt heaks kiita k\u00f5ik hilisemad kommentaarid, selle asemel, et hoida neid modereerimise j\u00e4rjekorras.<\/p>\r\n<p>Selle veebisaidi registreeritud kasutajate puhul salvestame ka isikuandmeid, mida kasutajad esitavad oma profiilis. K\u00f5ik kasutajad saavad igal ajal n\u00e4ha, muuta v\u00f5i kustutada oma isikuandmeid (v\u00e4lja arvatud kasutajanime ei saa nad muuta); ka saidi administraatorid saavad neid andmeid n\u00e4ha ja muuta.<\/p>\r\n<p>Millised \u00f5igused on teil oma teabe suhtes<\/p>\r\n<p>Soovitatav tekst: Kui teil on sellel veebisaidil konto v\u00f5i olete j\u00e4tnud kommentaare, v\u00f5ite taotleda, et teile eksporditakse fail meie poolt teie kohta hoitavatest isikuandmetest, sealhulgas k\u00f5ik andmed, mida olete meile esitanud. Samuti v\u00f5ite taotleda, et me kustutaksime teie kohta s\u00e4ilitatavad isikuandmed. See ei h\u00f5lma andmeid, mida me oleme kohustatud s\u00e4ilitama haldus-, \u00f5igus- v\u00f5i julgeolekukaalutlustel.<\/p>\r\n<p>Kuhu teie andmed saadetakse<\/p>\r\n<p>Soovitatav tekst: K\u00fclastajate kommentaare v\u00f5idakse kontrollida automaatse r\u00e4mpsposti tuvastamise teenuse kaudu.<\/p>","protected":false},"excerpt":{"rendered":"<p>Who we are Recommended text: Our website address is: https:\/\/www.tflequip.com. Comments Recommended text: When visitors leave comments we collect the data shown in the comments form, and the visitor&#8217;s IP address and browser user agent string to help spam detection. An anonymized string created from your email address (also called a hash) may be provided [&hellip;]<\/p>","protected":false},"author":1,"featured_media":0,"parent":0,"menu_order":0,"comment_status":"closed","ping_status":"closed","template":"","meta":[],"acf":[],"_links":{"self":[{"href":"https:\/\/www.tflequip.com\/et\/wp-json\/wp\/v2\/pages\/1216"}],"collection":[{"href":"https:\/\/www.tflequip.com\/et\/wp-json\/wp\/v2\/pages"}],"about":[{"href":"https:\/\/www.tflequip.com\/et\/wp-json\/wp\/v2\/types\/page"}],"author":[{"embeddable":true,"href":"https:\/\/www.tflequip.com\/et\/wp-json\/wp\/v2\/users\/1"}],"replies":[{"embeddable":true,"href":"https:\/\/www.tflequip.com\/et\/wp-json\/wp\/v2\/comments?post=1216"}],"version-history":[{"count":0,"href":"https:\/\/www.tflequip.com\/et\/wp-json\/wp\/v2\/pages\/1216\/revisions"}],"wp:attachment":[{"href":"https:\/\/www.tflequip.com\/et\/wp-json\/wp\/v2\/media?parent=1216"}],"curies":[{"name":"wp","href":"https:\/\/api.w.org\/{rel}","templated":true}]}}