{"id":1216,"date":"2024-07-15T11:32:18","date_gmt":"2024-07-15T03:32:18","guid":{"rendered":"https:\/\/www.tflequip.com\/?page_id=1216"},"modified":"2024-07-15T11:32:18","modified_gmt":"2024-07-15T03:32:18","slug":"privacy-policy","status":"publish","type":"page","link":"https:\/\/www.tflequip.com\/da\/privacy-policy\/","title":{"rendered":"Privatlivspolitik"},"content":{"rendered":"<p>Hvem vi er<\/p>\r\n<p>Anbefalet tekst: Vores hjemmesideadresse er: https:\/\/www.tflequip.com.<\/p>\r\n<p>Kommentarer<\/p>\r\n<p>Anbefalet tekst: N\u00e5r bes\u00f8gende skriver kommentarer, indsamler vi de data, der vises i kommentarformularen, samt den bes\u00f8gendes IP-adresse og browserens user agent-streng for at hj\u00e6lpe med at opdage spam.<\/p>\r\n<p>En anonymiseret streng oprettet fra din e-mailadresse (ogs\u00e5 kaldet en hash) kan leveres til Gravatar-tjenesten for at se, om du bruger den. Gravatar-tjenestens privatlivspolitik er tilg\u00e6ngelig her: https:\/\/automattic.com\/privacy\/. N\u00e5r din kommentar er godkendt, vil dit profilbillede v\u00e6re synligt for offentligheden ved siden af din kommentar.<\/p>\r\n<p>Medier<\/p>\r\n<p>Anbefalet tekst: Hvis du uploader billeder til webstedet, b\u00f8r du undg\u00e5 at uploade billeder med indlejrede placeringsdata (EXIF GPS). Bes\u00f8gende p\u00e5 webstedet kan downloade og udtr\u00e6kke placeringsdata fra billeder p\u00e5 webstedet.<\/p>\r\n<p>Sm\u00e5kager<\/p>\r\n<p>Anbefalet tekst: Hvis du skriver en kommentar p\u00e5 vores hjemmeside, kan du v\u00e6lge at gemme dit navn, din e-mailadresse og din hjemmeside i cookies. Det er for at g\u00f8re det nemmere for dig, s\u00e5 du ikke beh\u00f8ver at udfylde dine oplysninger igen, n\u00e5r du skriver en ny kommentar. Disse cookies vil vare i et \u00e5r.<\/p>\r\n<p>Hvis du bes\u00f8ger vores login-side, s\u00e6tter vi en midlertidig cookie for at afg\u00f8re, om din browser accepterer cookies. Denne cookie indeholder ingen personlige data og kasseres, n\u00e5r du lukker din browser.<\/p>\r\n<p>N\u00e5r du logger ind, s\u00e6tter vi ogs\u00e5 flere cookies for at huske dine loginoplysninger og dine valg af sk\u00e6rmvisning. Login-cookies holder i to dage, og cookies til sk\u00e6rmvisning holder i et \u00e5r. Hvis du v\u00e6lger \"Husk mig\", forbliver dit login i to uger. Hvis du logger ud af din konto, vil login-cookies blive fjernet.<\/p>\r\n<p>Hvis du redigerer eller udgiver en artikel, gemmer vi en ekstra cookie i din browser. Denne cookie indeholder ingen personlige data og husker kun ID'et p\u00e5 den artikel, du lige har redigeret. Denne cookie varer i en dag.<\/p>\r\n<p>Indlejret indhold fra andre hjemmesider<\/p>\r\n<p>Anbefalet tekst: Artikler p\u00e5 dette websted kan indeholde indlejret indhold (f.eks. videoer, billeder, artikler osv.). Indlejret indhold fra andre hjemmesider opf\u00f8rer sig p\u00e5 samme m\u00e5de, som hvis du havde bes\u00f8gt den anden hjemmeside direkte.<\/p>\r\n<p>Disse sider kan indsamle data om dig, bruge cookies, indlejre yderligere tredjepartssporing og overv\u00e5ge dine interaktioner med s\u00e5dant indlejret indhold, herunder spore dine interaktioner med det indlejrede indhold, hvis du har en konto p\u00e5 disse sider og er logget ind p\u00e5 disse sider.<\/p>\r\n<p>Hvem vi deler dine oplysninger med<\/p>\r\n<p>Anbefalet tekst: Hvis du anmoder om at f\u00e5 nulstillet din adgangskode, vil din IP-adresse blive inkluderet i e-mailen om nulstilling af adgangskoden.<\/p>\r\n<p>Hvor l\u00e6nge opbevarer vi dine oplysninger?<\/p>\r\n<p>Anbefalet tekst: Hvis du efterlader en kommentar, bevares kommentaren og dens metadata p\u00e5 ubestemt tid. Det g\u00f8r vi, s\u00e5 vi kan genkende og automatisk godkende eventuelle efterf\u00f8lgende kommentarer i stedet for at holde dem i en moderationsk\u00f8.<\/p>\r\n<p>For registrerede brugere af dette websted gemmer vi ogs\u00e5 de personlige oplysninger, som brugerne angiver i deres profil. Alle brugere kan til enhver tid se, redigere eller slette deres personlige oplysninger (bortset fra at de ikke kan \u00e6ndre deres brugernavn); webstedets administratorer kan ogs\u00e5 se og redigere disse oplysninger.<\/p>\r\n<p>Hvilke rettigheder har du over dine oplysninger?<\/p>\r\n<p>Anbefalet tekst: Hvis du har en konto p\u00e5 dette websted eller har skrevet kommentarer, kan du anmode om at modtage en eksporteret fil med de personoplysninger, vi har om dig, herunder eventuelle oplysninger, du har givet os. Du kan ogs\u00e5 anmode om, at vi sletter alle personoplysninger, vi har om dig. Dette omfatter ikke data, som vi er forpligtet til at opbevare af administrative, juridiske eller sikkerhedsm\u00e6ssige \u00e5rsager.<\/p>\r\n<p>Hvor dine data sendes hen<\/p>\r\n<p>Anbefalet tekst: Bes\u00f8gendes kommentarer kan blive kontrolleret via en automatiseret spamdetekteringstjeneste.<\/p>","protected":false},"excerpt":{"rendered":"<p>Who we are Recommended text: Our website address is: https:\/\/www.tflequip.com. Comments Recommended text: When visitors leave comments we collect the data shown in the comments form, and the visitor&#8217;s IP address and browser user agent string to help spam detection. An anonymized string created from your email address (also called a hash) may be provided [&hellip;]<\/p>","protected":false},"author":1,"featured_media":0,"parent":0,"menu_order":0,"comment_status":"closed","ping_status":"closed","template":"","meta":[],"acf":[],"_links":{"self":[{"href":"https:\/\/www.tflequip.com\/da\/wp-json\/wp\/v2\/pages\/1216"}],"collection":[{"href":"https:\/\/www.tflequip.com\/da\/wp-json\/wp\/v2\/pages"}],"about":[{"href":"https:\/\/www.tflequip.com\/da\/wp-json\/wp\/v2\/types\/page"}],"author":[{"embeddable":true,"href":"https:\/\/www.tflequip.com\/da\/wp-json\/wp\/v2\/users\/1"}],"replies":[{"embeddable":true,"href":"https:\/\/www.tflequip.com\/da\/wp-json\/wp\/v2\/comments?post=1216"}],"version-history":[{"count":0,"href":"https:\/\/www.tflequip.com\/da\/wp-json\/wp\/v2\/pages\/1216\/revisions"}],"wp:attachment":[{"href":"https:\/\/www.tflequip.com\/da\/wp-json\/wp\/v2\/media?parent=1216"}],"curies":[{"name":"wp","href":"https:\/\/api.w.org\/{rel}","templated":true}]}}